{"id":8072,"date":"2022-07-04T07:23:27","date_gmt":"2022-07-04T07:23:27","guid":{"rendered":"http:\/\/staging.grindeks.eu\/productos\/ingredientes-farmaceuticos-activos\/"},"modified":"2022-09-07T12:46:56","modified_gmt":"2022-09-07T12:46:56","slug":"ingredientes-farmaceuticos-activos","status":"publish","type":"page","link":"https:\/\/grindeks.com\/es\/productos\/ingredientes-farmaceuticos-activos\/","title":{"rendered":"Ingredientes farmac\u00e9uticos activos"},"content":{"rendered":"\n<p>Grindeks es la primera opci\u00f3n como proveedor mundial de APIs. Nuestros API se producen de acuerdo con los requisitos de las GMP, certificados por la Autorizaci\u00f3n (licencia) para la fabricaci\u00f3n de API y el Certificado de cumplimiento de las GMP del fabricante.<br>*Esta secci\u00f3n est\u00e1 destinada \u00fanicamente a los profesionales de la salud. Este sitio web contiene informaci\u00f3n dirigida a una amplia gama de audiencias y podr\u00eda contener detalles de productos no accesibles o v\u00e1lidos en su pa\u00eds. No asumimos ninguna responsabilidad por el acceso a dicha informaci\u00f3n que puede no cumplir con cualquier proceso legal, regulaci\u00f3n, registro o uso en el pa\u00eds de su origen.<\/p>\n","protected":false},"excerpt":{"rendered":"<p>Grindeks es la primera opci\u00f3n como proveedor mundial de APIs. Nuestros API se producen de acuerdo con los requisitos de las GMP, certificados por la&#8230;<\/p>\n","protected":false},"author":1,"featured_media":6601,"parent":7872,"menu_order":0,"comment_status":"closed","ping_status":"closed","template":"","meta":{"_acf_changed":false,"footnotes":""},"class_list":["post-8072","page","type-page","status-publish","has-post-thumbnail","hentry"],"acf":[],"_links":{"self":[{"href":"https:\/\/grindeks.com\/es\/wp-json\/wp\/v2\/pages\/8072","targetHints":{"allow":["GET"]}}],"collection":[{"href":"https:\/\/grindeks.com\/es\/wp-json\/wp\/v2\/pages"}],"about":[{"href":"https:\/\/grindeks.com\/es\/wp-json\/wp\/v2\/types\/page"}],"author":[{"embeddable":true,"href":"https:\/\/grindeks.com\/es\/wp-json\/wp\/v2\/users\/1"}],"replies":[{"embeddable":true,"href":"https:\/\/grindeks.com\/es\/wp-json\/wp\/v2\/comments?post=8072"}],"version-history":[{"count":0,"href":"https:\/\/grindeks.com\/es\/wp-json\/wp\/v2\/pages\/8072\/revisions"}],"up":[{"embeddable":true,"href":"https:\/\/grindeks.com\/es\/wp-json\/wp\/v2\/pages\/7872"}],"wp:featuredmedia":[{"embeddable":true,"href":"https:\/\/grindeks.com\/es\/wp-json\/wp\/v2\/media\/6601"}],"wp:attachment":[{"href":"https:\/\/grindeks.com\/es\/wp-json\/wp\/v2\/media?parent=8072"}],"curies":[{"name":"wp","href":"https:\/\/api.w.org\/{rel}","templated":true}]}}