{"id":7872,"date":"2022-07-20T07:31:40","date_gmt":"2022-07-20T04:31:40","guid":{"rendered":"http:\/\/staging.grindeks.eu\/productos\/"},"modified":"2023-04-19T09:40:59","modified_gmt":"2023-04-19T06:40:59","slug":"productos","status":"publish","type":"page","link":"https:\/\/grindeks.com\/es\/productos\/","title":{"rendered":"Productos"},"content":{"rendered":"\n<p>Comercializada en 100 pa\u00edses de todo el mundo, la cartera de productos de Grindeks se compone de productos de marca, medicamentos gen\u00e9ricos e ingredientes farmac\u00e9uticos activos, todos ellos producidos de acuerdo con los requisitos de seguridad y calidad de clase mundial. Nuestras \u00e1reas principales: sistema cardiovascular, SNC, oncolog\u00eda y diabetes.<\/p>\n\n\n<div class=\"wp-block-image\">\n<figure class=\"aligncenter size-large is-resized\"><a href=\"http:\/\/grindeks.com\/en\/product\/final-dosage-forms\/\"><img decoding=\"async\" src=\"http:\/\/grindeks.com\/wp-content\/uploads\/2022\/09\/Produktu_foto-1024x685.png\" alt=\"\" class=\"wp-image-7432\" width=\"-198\" height=\"-132\" title=\"\" srcset=\"https:\/\/grindeks.com\/wp-content\/uploads\/2022\/09\/Produktu_foto-1024x685.png 1024w, https:\/\/grindeks.com\/wp-content\/uploads\/2022\/09\/Produktu_foto-300x201.png 300w, https:\/\/grindeks.com\/wp-content\/uploads\/2022\/09\/Produktu_foto-150x100.png 150w, https:\/\/grindeks.com\/wp-content\/uploads\/2022\/09\/Produktu_foto-768x514.png 768w, https:\/\/grindeks.com\/wp-content\/uploads\/2022\/09\/Produktu_foto-1536x1028.png 1536w, https:\/\/grindeks.com\/wp-content\/uploads\/2022\/09\/Produktu_foto-2048x1371.png 2048w, https:\/\/grindeks.com\/wp-content\/uploads\/2022\/09\/Produktu_foto-480x321.png 480w, https:\/\/grindeks.com\/wp-content\/uploads\/2022\/09\/Produktu_foto-640x428.png 640w, https:\/\/grindeks.com\/wp-content\/uploads\/2022\/09\/Produktu_foto-720x482.png 720w, https:\/\/grindeks.com\/wp-content\/uploads\/2022\/09\/Produktu_foto-960x643.png 960w, https:\/\/grindeks.com\/wp-content\/uploads\/2022\/09\/Produktu_foto-1168x782.png 1168w, https:\/\/grindeks.com\/wp-content\/uploads\/2022\/09\/Produktu_foto-1440x964.png 1440w, https:\/\/grindeks.com\/wp-content\/uploads\/2022\/09\/Produktu_foto-1920x1285.png 1920w, https:\/\/grindeks.com\/wp-content\/uploads\/2022\/09\/Produktu_foto.png 3000w\" sizes=\"(max-width: 1024px) 100vw, 1024px\" \/><\/a><\/figure>\n<\/div>","protected":false},"excerpt":{"rendered":"<p>Comercializada en 100 pa\u00edses de todo el mundo, la cartera de productos de Grindeks se compone de productos de marca, medicamentos gen\u00e9ricos e ingredientes farmac\u00e9uticos&#8230;<\/p>\n","protected":false},"author":3,"featured_media":6601,"parent":0,"menu_order":0,"comment_status":"closed","ping_status":"closed","template":"","meta":{"_acf_changed":false,"footnotes":""},"class_list":["post-7872","page","type-page","status-publish","has-post-thumbnail","hentry"],"acf":[],"_links":{"self":[{"href":"https:\/\/grindeks.com\/es\/wp-json\/wp\/v2\/pages\/7872","targetHints":{"allow":["GET"]}}],"collection":[{"href":"https:\/\/grindeks.com\/es\/wp-json\/wp\/v2\/pages"}],"about":[{"href":"https:\/\/grindeks.com\/es\/wp-json\/wp\/v2\/types\/page"}],"author":[{"embeddable":true,"href":"https:\/\/grindeks.com\/es\/wp-json\/wp\/v2\/users\/3"}],"replies":[{"embeddable":true,"href":"https:\/\/grindeks.com\/es\/wp-json\/wp\/v2\/comments?post=7872"}],"version-history":[{"count":0,"href":"https:\/\/grindeks.com\/es\/wp-json\/wp\/v2\/pages\/7872\/revisions"}],"wp:featuredmedia":[{"embeddable":true,"href":"https:\/\/grindeks.com\/es\/wp-json\/wp\/v2\/media\/6601"}],"wp:attachment":[{"href":"https:\/\/grindeks.com\/es\/wp-json\/wp\/v2\/media?parent=7872"}],"curies":[{"name":"wp","href":"https:\/\/api.w.org\/{rel}","templated":true}]}}