{"id":7649,"date":"2022-08-04T07:22:04","date_gmt":"2022-08-04T07:22:04","guid":{"rendered":"http:\/\/staging.grindeks.eu\/about-us\/who-we-are\/"},"modified":"2022-09-07T12:39:17","modified_gmt":"2022-09-07T12:39:17","slug":"who-we-are","status":"publish","type":"page","link":"https:\/\/grindeks.com\/es\/sobre-nosotros\/who-we-are\/","title":{"rendered":"\u00bfQui\u00e9nes somos?"},"content":{"rendered":"\n<div class=\"wp-block-columns is-layout-flex wp-container-core-columns-is-layout-9d6595d7 wp-block-columns-is-layout-flex\">\n<div class=\"wp-block-column is-layout-flow wp-block-column-is-layout-flow\" style=\"flex-basis:33.33%\">\n<h5 class=\"wp-block-heading\"><strong>Misi\u00f3n<\/strong><\/h5>\n<\/div>\n\n\n\n<div class=\"wp-block-column is-layout-flow wp-block-column-is-layout-flow\" style=\"flex-basis:66.66%\">\n<p>Nuestra misi\u00f3n es hacer la vida de las personas m\u00e1s sana y f\u00e1cil. Creamos soluciones sencillas e innovadoras para mejorar la calidad de vida.<\/p>\n<\/div>\n<\/div>\n\n\n\n<div class=\"wp-block-columns is-layout-flex wp-container-core-columns-is-layout-9d6595d7 wp-block-columns-is-layout-flex\">\n<div class=\"wp-block-column is-layout-flow wp-block-column-is-layout-flow\" style=\"flex-basis:33.33%\">\n<h5 class=\"wp-block-heading\"><strong>Visi\u00f3n<\/strong><\/h5>\n<\/div>\n\n\n\n<div class=\"wp-block-column is-layout-flow wp-block-column-is-layout-flow\" style=\"flex-basis:66.66%\">\n<p>Nuestra visi\u00f3n es proporcionar el mejor apoyo a la salud de cada persona en todo el mundo y convertirnos en una empresa farmac\u00e9utica de categor\u00eda mundial.<\/p>\n<\/div>\n<\/div>\n\n\n\n<div class=\"wp-block-columns is-layout-flex wp-container-core-columns-is-layout-9d6595d7 wp-block-columns-is-layout-flex\">\n<div class=\"wp-block-column is-layout-flow wp-block-column-is-layout-flow\" style=\"flex-basis:33.33%\">\n<h5 class=\"wp-block-heading\"><strong>Valores<\/strong><\/h5>\n<\/div>\n\n\n\n<div class=\"wp-block-column is-layout-flow wp-block-column-is-layout-flow\" style=\"flex-basis:66.66%\">\n<p><strong>Humanidad<\/strong>: tratamos las necesidades sanitarias de las personas con honor y responsabilidad, somos accesibles y estamos dispuestos a ayudar.  <\/p>\n\n\n\n<p><strong>Simplicidad<\/strong>: hacemos sencillas las cosas complejas y hacemos todo lo posible para que las soluciones sanitarias sean accesibles a todo el mundo.  <\/p>\n\n\n\n<p><strong>Crecimiento<\/strong>: nuestra cartera de productos responde a las necesidades actuales y al estilo de vida din\u00e1mico para abordar los problemas de salud de forma innovadora.<\/p>\n<\/div>\n<\/div>\n\n\n\n<figure class=\"wp-block-image size-large\"><img decoding=\"async\" width=\"1024\" height=\"580\" src=\"http:\/\/grindeks.com\/wp-content\/uploads\/2022\/09\/Who-we-are-1024x580.png\" alt=\"\" class=\"wp-image-7914\" title=\"\" srcset=\"https:\/\/grindeks.com\/wp-content\/uploads\/2022\/09\/Who-we-are-1024x580.png 1024w, https:\/\/grindeks.com\/wp-content\/uploads\/2022\/09\/Who-we-are-300x170.png 300w, https:\/\/grindeks.com\/wp-content\/uploads\/2022\/09\/Who-we-are-150x85.png 150w, https:\/\/grindeks.com\/wp-content\/uploads\/2022\/09\/Who-we-are-768x435.png 768w, https:\/\/grindeks.com\/wp-content\/uploads\/2022\/09\/Who-we-are-480x272.png 480w, https:\/\/grindeks.com\/wp-content\/uploads\/2022\/09\/Who-we-are-640x363.png 640w, https:\/\/grindeks.com\/wp-content\/uploads\/2022\/09\/Who-we-are-720x408.png 720w, https:\/\/grindeks.com\/wp-content\/uploads\/2022\/09\/Who-we-are-960x544.png 960w, https:\/\/grindeks.com\/wp-content\/uploads\/2022\/09\/Who-we-are-1168x662.png 1168w, https:\/\/grindeks.com\/wp-content\/uploads\/2022\/09\/Who-we-are.png 1311w\" sizes=\"(max-width: 1024px) 100vw, 1024px\" \/><\/figure>\n","protected":false},"excerpt":{"rendered":"<p>Misi\u00f3n Nuestra misi\u00f3n es hacer la vida de las personas m\u00e1s sana y f\u00e1cil. Creamos soluciones sencillas e innovadoras para mejorar la calidad de vida&#8230;.<\/p>\n","protected":false},"author":3,"featured_media":7405,"parent":7639,"menu_order":0,"comment_status":"closed","ping_status":"closed","template":"","meta":{"_acf_changed":false,"footnotes":""},"class_list":["post-7649","page","type-page","status-publish","has-post-thumbnail","hentry"],"acf":[],"_links":{"self":[{"href":"https:\/\/grindeks.com\/es\/wp-json\/wp\/v2\/pages\/7649","targetHints":{"allow":["GET"]}}],"collection":[{"href":"https:\/\/grindeks.com\/es\/wp-json\/wp\/v2\/pages"}],"about":[{"href":"https:\/\/grindeks.com\/es\/wp-json\/wp\/v2\/types\/page"}],"author":[{"embeddable":true,"href":"https:\/\/grindeks.com\/es\/wp-json\/wp\/v2\/users\/3"}],"replies":[{"embeddable":true,"href":"https:\/\/grindeks.com\/es\/wp-json\/wp\/v2\/comments?post=7649"}],"version-history":[{"count":0,"href":"https:\/\/grindeks.com\/es\/wp-json\/wp\/v2\/pages\/7649\/revisions"}],"up":[{"embeddable":true,"href":"https:\/\/grindeks.com\/es\/wp-json\/wp\/v2\/pages\/7639"}],"wp:featuredmedia":[{"embeddable":true,"href":"https:\/\/grindeks.com\/es\/wp-json\/wp\/v2\/media\/7405"}],"wp:attachment":[{"href":"https:\/\/grindeks.com\/es\/wp-json\/wp\/v2\/media?parent=7649"}],"curies":[{"name":"wp","href":"https:\/\/api.w.org\/{rel}","templated":true}]}}