{"id":7639,"date":"2022-07-20T07:36:29","date_gmt":"2022-07-20T04:36:29","guid":{"rendered":"http:\/\/staging.grindeks.eu\/about-us\/"},"modified":"2022-09-13T11:13:46","modified_gmt":"2022-09-13T11:13:46","slug":"sobre-nosotros","status":"publish","type":"page","link":"https:\/\/grindeks.com\/es\/sobre-nosotros\/","title":{"rendered":"Sobre nosotros"},"content":{"rendered":"\n<p>Grindeks es el principal fabricante de productos farmac\u00e9uticos de los pa\u00edses b\u00e1lticos, con sede en Riga (Letonia) y que opera desde 1946.<br><br>A lo largo de los a\u00f1os hemos sido reconocidos por ayudar a millones de pacientes en todo el mundo. Nuestros productos se venden en 103 pa\u00edses del mundo. La cartera de productos de Grindeks se compone con \u00e9xito de productos originales, gen\u00e9ricos y principios activos farmac\u00e9uticos, todos ellos producidos de acuerdo con los requisitos de seguridad y calidad de nivel mundial.<\/p>\n\n\n\n<p>Para ayudar a las personas a superar sus problemas de salud, nos centramos en los medicamentos card\u00edacos y cardiovasculares, del sistema nervioso central, contra el c\u00e1ncer y contra la diabetes. Nuestro objetivo es mejorar la vida de las personas y hacer que las soluciones sanitarias sean accesibles para nuestros pacientes.<\/p>\n\n\n\n<h4 class=\"wp-block-heading\"><strong>Grupo Grindeks<\/strong><\/h4>\n\n\n\n<p>En la actualidad, el Grupo Grindeks est\u00e1 formado por JSC Grindeks y sus filiales. Cada uno de ellos contribuye al crecimiento del Grupo y es parte integrante de la corporaci\u00f3n. En este momento, estamos en v\u00edas de establecer muchas m\u00e1s filiales en todo el mundo; su prop\u00f3sito es conseguir una mejor visi\u00f3n en su respectivo pa\u00eds, aumentando un valor para los pacientes y la disponibilidad de nuestros productos. Ofrecemos nuestros medicamentos bajo dos marcas: Grindeks y Kalceks; la raz\u00f3n es que cada una se especializa en un segmento de clientes diferente.<br><br><a href=\"https:\/\/www.kalceks.lv\/en\/\" target=\"_blank\" rel=\"noreferrer noopener\">\n  <strong>JSC Kalceks<\/strong>\n<\/a> con sede en Letonia, es una de las empresas farmac\u00e9uticas m\u00e1s antiguas de los Estados B\u00e1lticos, especializada en gen\u00e9ricos, principalmente para el segmento hospitalario.  <a href=\"https:\/\/www.hbmpharma.eu\/?lang=en\" target=\"_blank\" rel=\"noreferrer noopener\">\n  <strong>HBM Pharma Ltd<\/strong>\n<\/a>con sede en Eslovaquia, es un fabricante de productos farmac\u00e9uticos que opera en el \u00e1mbito de la producci\u00f3n de ampollas inyectables y comprimidos.  <a href=\"http:\/\/www.tft.ee\/eng.html\" target=\"_blank\" rel=\"noreferrer noopener\">\n  <strong>La planta farmac\u00e9utica JSC Tallinn<\/strong>\n<\/a>con sede en Estonia, produce pomadas.  <br><br>Grindeks Kalceks son nuestras filiales m\u00e1s recientes establecidas en Lituania, Estonia, Estados Unidos de Am\u00e9rica, Canad\u00e1, Suiza y Polonia. Namu apsaimniekosanas projekti se encarga de la gesti\u00f3n de los inmuebles de Grindeks.<\/p>\n\n\n<div class=\"wp-block-image\">\n<figure class=\"aligncenter size-large is-resized\"><img decoding=\"async\" src=\"http:\/\/grindeks.com\/wp-content\/uploads\/2022\/08\/structure-1-1-1024x1024.png\" alt=\"\" class=\"wp-image-7307\" width=\"559\" height=\"559\" title=\"\" srcset=\"https:\/\/grindeks.com\/wp-content\/uploads\/2022\/08\/structure-1-1-1024x1024.png 1024w, https:\/\/grindeks.com\/wp-content\/uploads\/2022\/08\/structure-1-1-300x300.png 300w, https:\/\/grindeks.com\/wp-content\/uploads\/2022\/08\/structure-1-1-150x150.png 150w, https:\/\/grindeks.com\/wp-content\/uploads\/2022\/08\/structure-1-1-768x768.png 768w, https:\/\/grindeks.com\/wp-content\/uploads\/2022\/08\/structure-1-1-480x480.png 480w, https:\/\/grindeks.com\/wp-content\/uploads\/2022\/08\/structure-1-1-640x640.png 640w, https:\/\/grindeks.com\/wp-content\/uploads\/2022\/08\/structure-1-1-720x720.png 720w, https:\/\/grindeks.com\/wp-content\/uploads\/2022\/08\/structure-1-1-960x960.png 960w, https:\/\/grindeks.com\/wp-content\/uploads\/2022\/08\/structure-1-1.png 1080w\" sizes=\"(max-width: 559px) 100vw, 559px\" \/><\/figure>\n<\/div>","protected":false},"excerpt":{"rendered":"<p>Grindeks es el principal fabricante de productos farmac\u00e9uticos de los pa\u00edses b\u00e1lticos, con sede en Riga (Letonia) y que opera desde 1946. A lo largo&#8230;<\/p>\n","protected":false},"author":3,"featured_media":7405,"parent":0,"menu_order":0,"comment_status":"closed","ping_status":"closed","template":"","meta":{"_acf_changed":false,"footnotes":""},"class_list":["post-7639","page","type-page","status-publish","has-post-thumbnail","hentry"],"acf":[],"_links":{"self":[{"href":"https:\/\/grindeks.com\/es\/wp-json\/wp\/v2\/pages\/7639","targetHints":{"allow":["GET"]}}],"collection":[{"href":"https:\/\/grindeks.com\/es\/wp-json\/wp\/v2\/pages"}],"about":[{"href":"https:\/\/grindeks.com\/es\/wp-json\/wp\/v2\/types\/page"}],"author":[{"embeddable":true,"href":"https:\/\/grindeks.com\/es\/wp-json\/wp\/v2\/users\/3"}],"replies":[{"embeddable":true,"href":"https:\/\/grindeks.com\/es\/wp-json\/wp\/v2\/comments?post=7639"}],"version-history":[{"count":0,"href":"https:\/\/grindeks.com\/es\/wp-json\/wp\/v2\/pages\/7639\/revisions"}],"wp:featuredmedia":[{"embeddable":true,"href":"https:\/\/grindeks.com\/es\/wp-json\/wp\/v2\/media\/7405"}],"wp:attachment":[{"href":"https:\/\/grindeks.com\/es\/wp-json\/wp\/v2\/media?parent=7639"}],"curies":[{"name":"wp","href":"https:\/\/api.w.org\/{rel}","templated":true}]}}