{"id":3864,"date":"2022-07-20T08:58:19","date_gmt":"2022-07-20T08:58:19","guid":{"rendered":"http:\/\/staging.grindeks.eu\/?page_id=3864"},"modified":"2025-04-03T13:53:06","modified_gmt":"2025-04-03T10:53:06","slug":"d-h-grindel-award","status":"publish","type":"page","link":"https:\/\/grindeks.com\/en\/sustainability\/d-h-grindel-award\/","title":{"rendered":"D. H. Grindel Award"},"content":{"rendered":"\n<p>The D.H.Grindel Award by JSC Grindeks is the highest professional honour given for significant or lifetime contribution to pharmacy or medicine.<\/p>\n\n\n\n<p>In 1995 Grindeks presented the award for the first time when the tradition was created to honour the memory of David Hieronim Grindel (1776 \u2013 1836) \u2013 the first natural scientist, doctor and pharmacist of Latvian descent.<\/p>\n\n\n\n<p>In 2015, marking its 20th anniversary, the D.H. Grindel medal was turned into an award \u2013 sculpture. It is a symbolic piece of art carries the message of caring, humanity and responsibility.<\/p>\n\n\n\n<p>The sculptor author of the award: <strong>Artist Anda Munkevica.<\/strong><\/p>\n\n\n\n<h5 class=\"wp-block-heading\"><strong>Medicine and pharmacy excellences in Latvia<\/strong><\/h5>\n\n\n\n<blockquote class=\"wp-block-quote is-layout-flow wp-block-quote-is-layout-flow\">\n<p>\u201cThere is a significant message behind every Grindeks award \u2013 they remind us of the crucial role science has in the pharmaceutical industry\u2019s development, where research and development of each and every product is based on scientific studies \u2013 meaningful discoveries of human health and life,\u201d Kirovs Lipmans, the chairman of Grindeks Council, noted.<\/p>\n<\/blockquote>\n\n\n\n<p>Since 1995 D. H. Grindel medal and award has been granted to notable persons in medicine and pharmacy in Latvia such as children neurologist Jur\u0123is Strautmanis, Prof. Dr. med. Andrejs \u0112rglis, Prof. Dr. med. Juris Pokrotnieks, Prof. Dr. med. In\u0101ra Logina, Dr. med. Vilnis Dz\u0113rve-T\u0101luts, Dr. habil. chem., Dr. hist. h. c., prof., J\u0101nis Stradi\u0146\u0161, Prof. Dr. habil. biol. Elm\u0101rs Gr\u0113ns, Dr. habil. chem. Reg\u012bna \u017duka, Prof. Dr. hab. chem. Ivars Kalvi\u0146\u0161, Dr. chem. J\u0101nis Polis, Asoc. prof., Dr. pharm. Vija Eni\u0146a, Dr. habil. med. Vija Klu\u0161a, Dr. P\u0113teris Apinis, Dr. chem. Osvalds Pugovi\u010ds, Prof. Dr. pharm. Maija Dambrova, Dr. habil. chem. Raimonds Valters and several other excellences.<\/p>\n","protected":false},"excerpt":{"rendered":"<p>The D.H.Grindel Award by JSC Grindeks is the highest professional honour given for significant or lifetime contribution to pharmacy or medicine. In 1995 Grindeks presented&#8230;<\/p>\n","protected":false},"author":3,"featured_media":6601,"parent":4691,"menu_order":10,"comment_status":"closed","ping_status":"closed","template":"","meta":{"_acf_changed":false,"footnotes":""},"class_list":["post-3864","page","type-page","status-publish","has-post-thumbnail","hentry"],"acf":[],"_links":{"self":[{"href":"https:\/\/grindeks.com\/en\/wp-json\/wp\/v2\/pages\/3864","targetHints":{"allow":["GET"]}}],"collection":[{"href":"https:\/\/grindeks.com\/en\/wp-json\/wp\/v2\/pages"}],"about":[{"href":"https:\/\/grindeks.com\/en\/wp-json\/wp\/v2\/types\/page"}],"author":[{"embeddable":true,"href":"https:\/\/grindeks.com\/en\/wp-json\/wp\/v2\/users\/3"}],"replies":[{"embeddable":true,"href":"https:\/\/grindeks.com\/en\/wp-json\/wp\/v2\/comments?post=3864"}],"version-history":[{"count":2,"href":"https:\/\/grindeks.com\/en\/wp-json\/wp\/v2\/pages\/3864\/revisions"}],"predecessor-version":[{"id":11028,"href":"https:\/\/grindeks.com\/en\/wp-json\/wp\/v2\/pages\/3864\/revisions\/11028"}],"up":[{"embeddable":true,"href":"https:\/\/grindeks.com\/en\/wp-json\/wp\/v2\/pages\/4691"}],"wp:featuredmedia":[{"embeddable":true,"href":"https:\/\/grindeks.com\/en\/wp-json\/wp\/v2\/media\/6601"}],"wp:attachment":[{"href":"https:\/\/grindeks.com\/en\/wp-json\/wp\/v2\/media?parent=3864"}],"curies":[{"name":"wp","href":"https:\/\/api.w.org\/{rel}","templated":true}]}}