{"id":3857,"date":"2022-07-20T08:54:56","date_gmt":"2022-07-20T08:54:56","guid":{"rendered":"http:\/\/staging.grindeks.eu\/?page_id=3857"},"modified":"2023-01-30T14:21:40","modified_gmt":"2023-01-30T14:21:40","slug":"history","status":"publish","type":"page","link":"https:\/\/grindeks.com\/en\/about-us\/history\/","title":{"rendered":"History"},"content":{"rendered":"\n<p>The story of Grindeks started in 1946 at the Vitamin and Hormones Plant, which developed into vertically integrated pharmaceutical concern over the years.<\/p>\n\n\n\n<figure class=\"wp-block-embed is-type-video is-provider-youtube wp-block-embed-youtube wp-embed-aspect-16-9 wp-has-aspect-ratio\"><div class=\"wp-block-embed__wrapper\">\n<iframe title=\"Grindeks 75 att\u012bst\u012bbas so\u013ci\" width=\"500\" height=\"281\" src=\"https:\/\/www.youtube.com\/embed\/2m_TRZRQtXY?feature=oembed\" frameborder=\"0\" allow=\"accelerometer; autoplay; clipboard-write; encrypted-media; gyroscope; picture-in-picture; web-share\" referrerpolicy=\"strict-origin-when-cross-origin\" allowfullscreen><\/iframe>\n<\/div><\/figure>\n\n\n\n<p><\/p>\n","protected":false},"excerpt":{"rendered":"<p>The story of Grindeks started in 1946 at the Vitamin and Hormones Plant, which developed into vertically integrated pharmaceutical concern over the years.<\/p>\n","protected":false},"author":3,"featured_media":6601,"parent":3623,"menu_order":0,"comment_status":"closed","ping_status":"closed","template":"","meta":{"_acf_changed":false,"footnotes":""},"class_list":["post-3857","page","type-page","status-publish","has-post-thumbnail","hentry"],"acf":[],"_links":{"self":[{"href":"https:\/\/grindeks.com\/en\/wp-json\/wp\/v2\/pages\/3857","targetHints":{"allow":["GET"]}}],"collection":[{"href":"https:\/\/grindeks.com\/en\/wp-json\/wp\/v2\/pages"}],"about":[{"href":"https:\/\/grindeks.com\/en\/wp-json\/wp\/v2\/types\/page"}],"author":[{"embeddable":true,"href":"https:\/\/grindeks.com\/en\/wp-json\/wp\/v2\/users\/3"}],"replies":[{"embeddable":true,"href":"https:\/\/grindeks.com\/en\/wp-json\/wp\/v2\/comments?post=3857"}],"version-history":[{"count":0,"href":"https:\/\/grindeks.com\/en\/wp-json\/wp\/v2\/pages\/3857\/revisions"}],"up":[{"embeddable":true,"href":"https:\/\/grindeks.com\/en\/wp-json\/wp\/v2\/pages\/3623"}],"wp:featuredmedia":[{"embeddable":true,"href":"https:\/\/grindeks.com\/en\/wp-json\/wp\/v2\/media\/6601"}],"wp:attachment":[{"href":"https:\/\/grindeks.com\/en\/wp-json\/wp\/v2\/media?parent=3857"}],"curies":[{"name":"wp","href":"https:\/\/api.w.org\/{rel}","templated":true}]}}