{"id":11827,"date":"2025-12-08T14:19:27","date_gmt":"2025-12-08T11:19:27","guid":{"rendered":"https:\/\/grindeks.com\/?page_id=11827"},"modified":"2025-12-08T14:19:32","modified_gmt":"2025-12-08T11:19:32","slug":"environmental-monitoring-laboratory","status":"publish","type":"page","link":"https:\/\/grindeks.com\/en\/cdmo\/environmental-monitoring-laboratory\/","title":{"rendered":"Environmental Monitoring Laboratory"},"content":{"rendered":"\n<p>The Environmental Monitoring Laboratory is a structural unit of Grindeks, accredited by the Latvijas Nacion\u0101l\u0101 akredit\u0101cijas birojs (LATAK) as a testing laboratory since 2012.<\/p>\n\n\n\n<p>The laboratory operates under a quality management system compliant with <strong>LVS EN ISO\/IEC 17025:2017<\/strong>. As part of a pharmaceutical manufacturing company, it also follows company-wide management systems aligned with <strong>LVS EN ISO 9001<\/strong>, <strong>LVS EN ISO 14001<\/strong>, <strong>LVS OHSAS 45001<\/strong>, and <strong>LVS EN ISO 50001<\/strong> standards.<\/p>\n\n\n\n<p>The mission of the Environmental Control Laboratory is to provide reliable, high-quality assessment of occupational environmental risk factors \u2014 both for internal company needs and for external clients.<\/p>\n\n\n\n<p>Our laboratory is staffed by highly qualified and experienced specialists, and equipped with modern, precise measuring instruments.<\/p>\n\n\n\n<p><strong><mark style=\"background-color:rgba(0, 0, 0, 0)\" class=\"has-inline-color has-pale-cyan-blue-color\">Services<\/mark><\/strong><\/p>\n\n\n\n<p>The Environmental Control Laboratory offers to perform:<\/p>\n\n\n\n<p><strong><mark style=\"background-color:rgba(0, 0, 0, 0)\" class=\"has-inline-color has-pale-cyan-blue-color\">Physical risk assessments:<\/mark><\/strong><\/p>\n\n\n\n<ul class=\"wp-block-list\">\n<li>Workplace noise measurement<\/li>\n\n\n\n<li>Lighting\/illumination assessment at workstations<\/li>\n\n\n\n<li>Indoor environmental measurements (air temperature, relative humidity, air velocity)<\/li>\n<\/ul>\n\n\n\n<p><strong><mark style=\"background-color:rgba(0, 0, 0, 0)\" class=\"has-inline-color has-pale-cyan-blue-color\">Chemical Risk Assessments<\/mark><\/strong><\/p>\n\n\n\n<ul class=\"wp-block-list\">\n<li>Determination of total mass concentration of highly active substance dust in workplace air<\/li>\n\n\n\n<li>Measurement of solvent and volatile organic compound (VOC) concentrations<\/li>\n\n\n\n<li>Indoor carbon dioxide (CO\u2082) monitoring<\/li>\n\n\n\n<li>Dust concentration measurements using gravimetric methods<\/li>\n<\/ul>\n\n\n\n<p><strong><mark style=\"background-color:rgba(0, 0, 0, 0)\" class=\"has-inline-color has-pale-cyan-blue-color\">Contact Information<\/mark><\/strong><\/p>\n\n\n\n<p>Environmental Monitoring Laboratory, Grindeks<\/p>\n\n\n\n<p><strong>Address:<\/strong> Krustpils iela 53, Riga, LV-1057<\/p>\n\n\n\n<p><strong>Phone: <\/strong>+371 67083541<\/p>\n\n\n\n<p><strong>E-mail: <\/strong><a href=\"mailto:vkl@grindeks.com\">vkl@grindeks.com<\/a><\/p>\n\n\n\n<p>If you require any measurements or analyses, feel free to contact us.<\/p>\n\n\n\n<p>Accreditation certificate and the current list of methods (24.10.2025)<a href=\"https:\/\/grindeks.com\/wp-content\/uploads\/2025\/11\/VKL-metozu-saraksts-24.10.2025.pdf\"> can be found here.<\/a><\/p>\n","protected":false},"excerpt":{"rendered":"<p>The Environmental Monitoring Laboratory is a structural unit of Grindeks, accredited by the Latvijas Nacion\u0101l\u0101 akredit\u0101cijas birojs (LATAK) as a testing laboratory since 2012. The&#8230;<\/p>\n","protected":false},"author":6,"featured_media":6601,"parent":11661,"menu_order":0,"comment_status":"closed","ping_status":"closed","template":"","meta":{"_acf_changed":false,"footnotes":""},"class_list":["post-11827","page","type-page","status-publish","has-post-thumbnail","hentry"],"acf":[],"_links":{"self":[{"href":"https:\/\/grindeks.com\/en\/wp-json\/wp\/v2\/pages\/11827","targetHints":{"allow":["GET"]}}],"collection":[{"href":"https:\/\/grindeks.com\/en\/wp-json\/wp\/v2\/pages"}],"about":[{"href":"https:\/\/grindeks.com\/en\/wp-json\/wp\/v2\/types\/page"}],"author":[{"embeddable":true,"href":"https:\/\/grindeks.com\/en\/wp-json\/wp\/v2\/users\/6"}],"replies":[{"embeddable":true,"href":"https:\/\/grindeks.com\/en\/wp-json\/wp\/v2\/comments?post=11827"}],"version-history":[{"count":1,"href":"https:\/\/grindeks.com\/en\/wp-json\/wp\/v2\/pages\/11827\/revisions"}],"predecessor-version":[{"id":11828,"href":"https:\/\/grindeks.com\/en\/wp-json\/wp\/v2\/pages\/11827\/revisions\/11828"}],"up":[{"embeddable":true,"href":"https:\/\/grindeks.com\/en\/wp-json\/wp\/v2\/pages\/11661"}],"wp:featuredmedia":[{"embeddable":true,"href":"https:\/\/grindeks.com\/en\/wp-json\/wp\/v2\/media\/6601"}],"wp:attachment":[{"href":"https:\/\/grindeks.com\/en\/wp-json\/wp\/v2\/media?parent=11827"}],"curies":[{"name":"wp","href":"https:\/\/api.w.org\/{rel}","templated":true}]}}